{"id":54,"date":"2023-08-14T17:07:38","date_gmt":"2023-08-14T17:07:38","guid":{"rendered":"https:\/\/firstshot-espres-5203as2yxq.live-website.com\/versand__lieferung\/"},"modified":"2025-11-05T16:50:41","modified_gmt":"2025-11-05T16:50:41","slug":"lieferung_zahlung","status":"publish","type":"page","link":"https:\/\/firstshot-espresso.de\/en\/lieferung_zahlung\/","title":{"rendered":"Delivery and payment terms"},"content":{"rendered":"<p><strong>Prices, Shipping Costs and Payment Methods<\/strong><\/p>\n<p>We deliver within the European Economic Area and to the following countries: <span class=\"yKMVIe\" role=\"heading\" aria-level=\"1\">United Kingdom, United States of America and Canada.<\/span><\/p>\n<p>In addition to the prices shown, we charge shipping costs for delivery, depending on the size, weight, and destination of the ordered items. These shipping costs are clearly displayed in the shopping cart and on the order page.<\/p>\n<p>We offer the following payment methods. Simply choose the one that suits you best. The prices listed in the respective offers are final prices. They include all price components, including any applicable taxes such as VAT. Only in the case of cross-border deliveries may you be required to pay additional taxes (e.g., in the case of an intra-Community acquisition) and\/or duties (e.g., customs duties). These are not payable to the seller, but to the relevant customs or tax authorities in your country. Shipping and handling costs are not included in the purchase price; they will be shown separately during the ordering process and are payable by you in addition to the purchase price (see section \"Prices, Shipping Costs, and Delivery Information\").<\/p>\n<p><em>SEPA Direct Debit<\/em><\/p>\n<p>We will debit the invoice amount for your order from your stored bank account after the order has been placed.<\/p>\n<p><em>Credit Card<\/em><\/p>\n<p>Simply pay by credit card.<\/p>\n<p><em>Google Pay<\/em><\/p>\n<p>Pay easily with Google Pay.<\/p>\n<p><em>PayPal<\/em><\/p>\n<p>Pay even faster and more securely with your PayPal account.<\/p>","protected":false},"excerpt":{"rendered":"<p>Preise, Versandkosten und Zahlungsarten Wir liefern innerhalb des Europ\u00e4ischen Wirtschaftsraums sowie in folgende L\u00e4nder: Vereinigtes K\u00f6nigreich, Vereinigte Staaten von Amerika und Kanada. Zus\u00e4tzlich zu den angegebenen Preisen berechnen wir f\u00fcr die Lieferung Versandkosten abh\u00e4ngig von Gr\u00f6\u00dfe, Gewicht und Zielort der bestellten Artikel. Die Versandkosten werden im Warenkorbsystem und auf der Bestellseite deutlich ausgewiesen. Wir bieten [&hellip;]<\/p>\n","protected":false},"author":1,"featured_media":0,"parent":0,"menu_order":0,"comment_status":"closed","ping_status":"closed","template":"","meta":{"footnotes":""},"class_list":["post-54","page","type-page","status-publish","hentry"],"yoast_head":"<!-- This site is optimized with the Yoast SEO plugin v27.4 - https:\/\/yoast.com\/product\/yoast-seo-wordpress\/ -->\n<title>Liefer- und Zahlungsbedingungen - firstshot espresso equipment<\/title>\n<meta name=\"robots\" content=\"index, follow, max-snippet:-1, max-image-preview:large, max-video-preview:-1\" \/>\n<link rel=\"canonical\" href=\"https:\/\/firstshot-espresso.de\/en\/lieferung_zahlung\/\" \/>\n<meta property=\"og:locale\" content=\"en_GB\" \/>\n<meta property=\"og:type\" content=\"article\" \/>\n<meta property=\"og:title\" content=\"Liefer- und Zahlungsbedingungen - firstshot espresso equipment\" \/>\n<meta property=\"og:description\" content=\"Preise, Versandkosten und Zahlungsarten Wir liefern innerhalb des Europ\u00e4ischen Wirtschaftsraums sowie in folgende L\u00e4nder: Vereinigtes K\u00f6nigreich, Vereinigte Staaten von Amerika und Kanada. Zus\u00e4tzlich zu den angegebenen Preisen berechnen wir f\u00fcr die Lieferung Versandkosten abh\u00e4ngig von Gr\u00f6\u00dfe, Gewicht und Zielort der bestellten Artikel. Die Versandkosten werden im Warenkorbsystem und auf der Bestellseite deutlich ausgewiesen. Wir bieten [&hellip;]\" \/>\n<meta property=\"og:url\" content=\"https:\/\/firstshot-espresso.de\/en\/lieferung_zahlung\/\" \/>\n<meta property=\"og:site_name\" content=\"firstshot espresso equipment\" \/>\n<meta property=\"article:modified_time\" content=\"2025-11-05T16:50:41+00:00\" \/>\n<meta name=\"twitter:card\" content=\"summary_large_image\" \/>\n<meta name=\"twitter:label1\" content=\"Estimated reading time\" \/>\n\t<meta name=\"twitter:data1\" content=\"2 minutes\" \/>\n<script type=\"application\/ld+json\" class=\"yoast-schema-graph\">{\"@context\":\"https:\\\/\\\/schema.org\",\"@graph\":[{\"@type\":\"WebPage\",\"@id\":\"https:\\\/\\\/firstshot-espresso.de\\\/lieferung_zahlung\\\/\",\"url\":\"https:\\\/\\\/firstshot-espresso.de\\\/lieferung_zahlung\\\/\",\"name\":\"Liefer- und Zahlungsbedingungen - firstshot espresso equipment\",\"isPartOf\":{\"@id\":\"https:\\\/\\\/firstshot-espresso.de\\\/#website\"},\"datePublished\":\"2023-08-14T17:07:38+00:00\",\"dateModified\":\"2025-11-05T16:50:41+00:00\",\"breadcrumb\":{\"@id\":\"https:\\\/\\\/firstshot-espresso.de\\\/lieferung_zahlung\\\/#breadcrumb\"},\"inLanguage\":\"en-GB\",\"potentialAction\":[{\"@type\":\"ReadAction\",\"target\":[\"https:\\\/\\\/firstshot-espresso.de\\\/lieferung_zahlung\\\/\"]}]},{\"@type\":\"BreadcrumbList\",\"@id\":\"https:\\\/\\\/firstshot-espresso.de\\\/lieferung_zahlung\\\/#breadcrumb\",\"itemListElement\":[{\"@type\":\"ListItem\",\"position\":1,\"name\":\"Home\",\"item\":\"https:\\\/\\\/firstshot-espresso.de\\\/\"},{\"@type\":\"ListItem\",\"position\":2,\"name\":\"Liefer- und Zahlungsbedingungen\"}]},{\"@type\":\"WebSite\",\"@id\":\"https:\\\/\\\/firstshot-espresso.de\\\/#website\",\"url\":\"https:\\\/\\\/firstshot-espresso.de\\\/\",\"name\":\"firstshot espresso equipment\",\"description\":\"\",\"publisher\":{\"@id\":\"https:\\\/\\\/firstshot-espresso.de\\\/#organization\"},\"potentialAction\":[{\"@type\":\"SearchAction\",\"target\":{\"@type\":\"EntryPoint\",\"urlTemplate\":\"https:\\\/\\\/firstshot-espresso.de\\\/?s={search_term_string}\"},\"query-input\":{\"@type\":\"PropertyValueSpecification\",\"valueRequired\":true,\"valueName\":\"search_term_string\"}}],\"inLanguage\":\"en-GB\"},{\"@type\":\"Organization\",\"@id\":\"https:\\\/\\\/firstshot-espresso.de\\\/#organization\",\"name\":\"firstshot espresso equipment\",\"url\":\"https:\\\/\\\/firstshot-espresso.de\\\/\",\"logo\":{\"@type\":\"ImageObject\",\"inLanguage\":\"en-GB\",\"@id\":\"https:\\\/\\\/firstshot-espresso.de\\\/#\\\/schema\\\/logo\\\/image\\\/\",\"url\":\"https:\\\/\\\/firstshot-espresso.de\\\/wp-content\\\/uploads\\\/2023\\\/08\\\/logo_mit_text_grau.png\",\"contentUrl\":\"https:\\\/\\\/firstshot-espresso.de\\\/wp-content\\\/uploads\\\/2023\\\/08\\\/logo_mit_text_grau.png\",\"width\":1150,\"height\":302,\"caption\":\"firstshot espresso equipment\"},\"image\":{\"@id\":\"https:\\\/\\\/firstshot-espresso.de\\\/#\\\/schema\\\/logo\\\/image\\\/\"}}]}<\/script>\n<!-- \/ Yoast SEO plugin. -->","yoast_head_json":{"title":"Liefer- und Zahlungsbedingungen - firstshot espresso equipment","robots":{"index":"index","follow":"follow","max-snippet":"max-snippet:-1","max-image-preview":"max-image-preview:large","max-video-preview":"max-video-preview:-1"},"canonical":"https:\/\/firstshot-espresso.de\/en\/lieferung_zahlung\/","og_locale":"en_GB","og_type":"article","og_title":"Liefer- und Zahlungsbedingungen - firstshot espresso equipment","og_description":"Preise, Versandkosten und Zahlungsarten Wir liefern innerhalb des Europ\u00e4ischen Wirtschaftsraums sowie in folgende L\u00e4nder: Vereinigtes K\u00f6nigreich, Vereinigte Staaten von Amerika und Kanada. Zus\u00e4tzlich zu den angegebenen Preisen berechnen wir f\u00fcr die Lieferung Versandkosten abh\u00e4ngig von Gr\u00f6\u00dfe, Gewicht und Zielort der bestellten Artikel. Die Versandkosten werden im Warenkorbsystem und auf der Bestellseite deutlich ausgewiesen. Wir bieten [&hellip;]","og_url":"https:\/\/firstshot-espresso.de\/en\/lieferung_zahlung\/","og_site_name":"firstshot espresso equipment","article_modified_time":"2025-11-05T16:50:41+00:00","twitter_card":"summary_large_image","twitter_misc":{"Estimated reading time":"2 minutes"},"schema":{"@context":"https:\/\/schema.org","@graph":[{"@type":"WebPage","@id":"https:\/\/firstshot-espresso.de\/lieferung_zahlung\/","url":"https:\/\/firstshot-espresso.de\/lieferung_zahlung\/","name":"Liefer- und Zahlungsbedingungen - firstshot espresso equipment","isPartOf":{"@id":"https:\/\/firstshot-espresso.de\/#website"},"datePublished":"2023-08-14T17:07:38+00:00","dateModified":"2025-11-05T16:50:41+00:00","breadcrumb":{"@id":"https:\/\/firstshot-espresso.de\/lieferung_zahlung\/#breadcrumb"},"inLanguage":"en-GB","potentialAction":[{"@type":"ReadAction","target":["https:\/\/firstshot-espresso.de\/lieferung_zahlung\/"]}]},{"@type":"BreadcrumbList","@id":"https:\/\/firstshot-espresso.de\/lieferung_zahlung\/#breadcrumb","itemListElement":[{"@type":"ListItem","position":1,"name":"Home","item":"https:\/\/firstshot-espresso.de\/"},{"@type":"ListItem","position":2,"name":"Liefer- und Zahlungsbedingungen"}]},{"@type":"WebSite","@id":"https:\/\/firstshot-espresso.de\/#website","url":"https:\/\/firstshot-espresso.de\/","name":"firstshot espresso equipment","description":"","publisher":{"@id":"https:\/\/firstshot-espresso.de\/#organization"},"potentialAction":[{"@type":"SearchAction","target":{"@type":"EntryPoint","urlTemplate":"https:\/\/firstshot-espresso.de\/?s={search_term_string}"},"query-input":{"@type":"PropertyValueSpecification","valueRequired":true,"valueName":"search_term_string"}}],"inLanguage":"en-GB"},{"@type":"Organization","@id":"https:\/\/firstshot-espresso.de\/#organization","name":"firstshot espresso equipment","url":"https:\/\/firstshot-espresso.de\/","logo":{"@type":"ImageObject","inLanguage":"en-GB","@id":"https:\/\/firstshot-espresso.de\/#\/schema\/logo\/image\/","url":"https:\/\/firstshot-espresso.de\/wp-content\/uploads\/2023\/08\/logo_mit_text_grau.png","contentUrl":"https:\/\/firstshot-espresso.de\/wp-content\/uploads\/2023\/08\/logo_mit_text_grau.png","width":1150,"height":302,"caption":"firstshot espresso equipment"},"image":{"@id":"https:\/\/firstshot-espresso.de\/#\/schema\/logo\/image\/"}}]}},"jetpack_sharing_enabled":true,"_links":{"self":[{"href":"https:\/\/firstshot-espresso.de\/en\/wp-json\/wp\/v2\/pages\/54","targetHints":{"allow":["GET"]}}],"collection":[{"href":"https:\/\/firstshot-espresso.de\/en\/wp-json\/wp\/v2\/pages"}],"about":[{"href":"https:\/\/firstshot-espresso.de\/en\/wp-json\/wp\/v2\/types\/page"}],"author":[{"embeddable":true,"href":"https:\/\/firstshot-espresso.de\/en\/wp-json\/wp\/v2\/users\/1"}],"replies":[{"embeddable":true,"href":"https:\/\/firstshot-espresso.de\/en\/wp-json\/wp\/v2\/comments?post=54"}],"version-history":[{"count":7,"href":"https:\/\/firstshot-espresso.de\/en\/wp-json\/wp\/v2\/pages\/54\/revisions"}],"predecessor-version":[{"id":633,"href":"https:\/\/firstshot-espresso.de\/en\/wp-json\/wp\/v2\/pages\/54\/revisions\/633"}],"wp:attachment":[{"href":"https:\/\/firstshot-espresso.de\/en\/wp-json\/wp\/v2\/media?parent=54"}],"curies":[{"name":"wp","href":"https:\/\/api.w.org\/{rel}","templated":true}]}}