{"id":242,"date":"2023-10-09T18:43:57","date_gmt":"2023-10-09T18:43:57","guid":{"rendered":"https:\/\/firstshot-espresso.de\/?post_type=product&#038;p=242"},"modified":"2024-07-14T14:21:19","modified_gmt":"2024-07-14T14:21:19","slug":"griff-aus-geoeltem-nussbaum-holz-fuer-den-firstshot-tamper","status":"publish","type":"product","link":"https:\/\/firstshot-espresso.de\/en\/product\/griff-aus-geoeltem-nussbaum-holz-fuer-den-firstshot-tamper\/","title":{"rendered":"Handle for firstshot Tamper: Oiled Walnut"},"content":{"rendered":"<p>The firstshop tamper can be customized to personal taste or to match existing espresso equipment by changing the handle. This handle, made of sanded and oiled american walnut wood, simply screws onto the tamper base and can be directly swapped with the included handle. The wooden handle gives the tamper a particularly elegant look and feel.<\/p>\n<p><strong>Included in Package:<\/strong><\/p>\n<p>one handle for the <strong>firstshot<\/strong> tamper<\/p>\n<p><strong>Note:<\/strong><\/p>\n<p><em>Wood is a natural product and therefore subject to natural variations. The actual product may differ from the original photo. This is no reason for return.<\/em><\/p>","protected":false},"excerpt":{"rendered":"<p>Handle made of oiled american walnut wood for the firstshot tamper<\/p>","protected":false},"featured_media":500,"template":"","meta":[],"product_brand":[],"product_cat":[51],"product_tag":[],"class_list":{"0":"post-242","1":"product","2":"type-product","3":"status-publish","4":"has-post-thumbnail","6":"product_cat-zubehoer","8":"first","9":"instock","10":"shipping-taxable","11":"purchasable","12":"product-type-simple"},"yoast_head":"<!-- This site is optimized with the Yoast SEO plugin v27.4 - https:\/\/yoast.com\/product\/yoast-seo-wordpress\/ -->\n<title>Griff aus ge\u00f6ltem Nu\u00dfbaum Holz f\u00fcr den firstshot Tamper - firstshot espresso equipment<\/title>\n<meta name=\"description\" content=\"Griff aus ge\u00f6ltem Nu\u00dfbaumholz zur Individualisierung des firstshot Tampers. Perfektes und wiederholbares Tampen. Eben und mit definiertem Druck.\" \/>\n<meta name=\"robots\" content=\"index, follow, max-snippet:-1, max-image-preview:large, max-video-preview:-1\" \/>\n<link rel=\"canonical\" href=\"https:\/\/firstshot-espresso.de\/en\/product\/griff-aus-geoeltem-nussbaum-holz-fuer-den-firstshot-tamper\/\" \/>\n<meta property=\"og:locale\" content=\"en_GB\" \/>\n<meta property=\"og:type\" content=\"article\" \/>\n<meta property=\"og:title\" content=\"Griff aus ge\u00f6ltem Nu\u00dfbaum Holz f\u00fcr den firstshot Tamper - firstshot espresso equipment\" \/>\n<meta property=\"og:description\" content=\"Griff aus ge\u00f6ltem Nu\u00dfbaumholz zur Individualisierung des firstshot Tampers. Perfektes und wiederholbares Tampen. Eben und mit definiertem Druck.\" \/>\n<meta property=\"og:url\" content=\"https:\/\/firstshot-espresso.de\/en\/product\/griff-aus-geoeltem-nussbaum-holz-fuer-den-firstshot-tamper\/\" \/>\n<meta property=\"og:site_name\" content=\"firstshot espresso equipment\" \/>\n<meta property=\"article:modified_time\" content=\"2024-07-14T14:21:19+00:00\" \/>\n<meta property=\"og:image\" content=\"https:\/\/firstshot-espresso.de\/wp-content\/uploads\/2023\/10\/T1_griff_nuss.png\" \/>\n\t<meta property=\"og:image:width\" content=\"1036\" \/>\n\t<meta property=\"og:image:height\" content=\"1036\" \/>\n\t<meta property=\"og:image:type\" content=\"image\/png\" \/>\n<meta name=\"twitter:card\" content=\"summary_large_image\" \/>\n<meta name=\"twitter:label1\" content=\"Estimated reading time\" \/>\n\t<meta name=\"twitter:data1\" content=\"1 minute\" \/>\n<script type=\"application\/ld+json\" class=\"yoast-schema-graph\">{\"@context\":\"https:\\\/\\\/schema.org\",\"@graph\":[{\"@type\":\"WebPage\",\"@id\":\"https:\\\/\\\/firstshot-espresso.de\\\/product\\\/griff-aus-geoeltem-nussbaum-holz-fuer-den-firstshot-tamper\\\/\",\"url\":\"https:\\\/\\\/firstshot-espresso.de\\\/product\\\/griff-aus-geoeltem-nussbaum-holz-fuer-den-firstshot-tamper\\\/\",\"name\":\"Griff aus ge\u00f6ltem Nu\u00dfbaum Holz f\u00fcr den firstshot Tamper - firstshot espresso equipment\",\"isPartOf\":{\"@id\":\"https:\\\/\\\/firstshot-espresso.de\\\/#website\"},\"primaryImageOfPage\":{\"@id\":\"https:\\\/\\\/firstshot-espresso.de\\\/product\\\/griff-aus-geoeltem-nussbaum-holz-fuer-den-firstshot-tamper\\\/#primaryimage\"},\"image\":{\"@id\":\"https:\\\/\\\/firstshot-espresso.de\\\/product\\\/griff-aus-geoeltem-nussbaum-holz-fuer-den-firstshot-tamper\\\/#primaryimage\"},\"thumbnailUrl\":\"https:\\\/\\\/firstshot-espresso.de\\\/wp-content\\\/uploads\\\/2023\\\/10\\\/T1_griff_nuss.png\",\"datePublished\":\"2023-10-09T18:43:57+00:00\",\"dateModified\":\"2024-07-14T14:21:19+00:00\",\"description\":\"Griff aus ge\u00f6ltem Nu\u00dfbaumholz zur Individualisierung des firstshot Tampers. Perfektes und wiederholbares Tampen. Eben und mit definiertem Druck.\",\"breadcrumb\":{\"@id\":\"https:\\\/\\\/firstshot-espresso.de\\\/product\\\/griff-aus-geoeltem-nussbaum-holz-fuer-den-firstshot-tamper\\\/#breadcrumb\"},\"inLanguage\":\"en-GB\",\"potentialAction\":[{\"@type\":\"ReadAction\",\"target\":[\"https:\\\/\\\/firstshot-espresso.de\\\/product\\\/griff-aus-geoeltem-nussbaum-holz-fuer-den-firstshot-tamper\\\/\"]}]},{\"@type\":\"ImageObject\",\"inLanguage\":\"en-GB\",\"@id\":\"https:\\\/\\\/firstshot-espresso.de\\\/product\\\/griff-aus-geoeltem-nussbaum-holz-fuer-den-firstshot-tamper\\\/#primaryimage\",\"url\":\"https:\\\/\\\/firstshot-espresso.de\\\/wp-content\\\/uploads\\\/2023\\\/10\\\/T1_griff_nuss.png\",\"contentUrl\":\"https:\\\/\\\/firstshot-espresso.de\\\/wp-content\\\/uploads\\\/2023\\\/10\\\/T1_griff_nuss.png\",\"width\":1036,\"height\":1036},{\"@type\":\"BreadcrumbList\",\"@id\":\"https:\\\/\\\/firstshot-espresso.de\\\/product\\\/griff-aus-geoeltem-nussbaum-holz-fuer-den-firstshot-tamper\\\/#breadcrumb\",\"itemListElement\":[{\"@type\":\"ListItem\",\"position\":1,\"name\":\"Home\",\"item\":\"https:\\\/\\\/firstshot-espresso.de\\\/\"},{\"@type\":\"ListItem\",\"position\":2,\"name\":\"Shop\",\"item\":\"https:\\\/\\\/firstshot-espresso.de\\\/\"},{\"@type\":\"ListItem\",\"position\":3,\"name\":\"Griff aus ge\u00f6ltem Nu\u00dfbaum Holz f\u00fcr den firstshot Tamper\"}]},{\"@type\":\"WebSite\",\"@id\":\"https:\\\/\\\/firstshot-espresso.de\\\/#website\",\"url\":\"https:\\\/\\\/firstshot-espresso.de\\\/\",\"name\":\"firstshot espresso equipment\",\"description\":\"\",\"publisher\":{\"@id\":\"https:\\\/\\\/firstshot-espresso.de\\\/#organization\"},\"potentialAction\":[{\"@type\":\"SearchAction\",\"target\":{\"@type\":\"EntryPoint\",\"urlTemplate\":\"https:\\\/\\\/firstshot-espresso.de\\\/?s={search_term_string}\"},\"query-input\":{\"@type\":\"PropertyValueSpecification\",\"valueRequired\":true,\"valueName\":\"search_term_string\"}}],\"inLanguage\":\"en-GB\"},{\"@type\":\"Organization\",\"@id\":\"https:\\\/\\\/firstshot-espresso.de\\\/#organization\",\"name\":\"firstshot espresso equipment\",\"url\":\"https:\\\/\\\/firstshot-espresso.de\\\/\",\"logo\":{\"@type\":\"ImageObject\",\"inLanguage\":\"en-GB\",\"@id\":\"https:\\\/\\\/firstshot-espresso.de\\\/#\\\/schema\\\/logo\\\/image\\\/\",\"url\":\"https:\\\/\\\/firstshot-espresso.de\\\/wp-content\\\/uploads\\\/2023\\\/08\\\/logo_mit_text_grau.png\",\"contentUrl\":\"https:\\\/\\\/firstshot-espresso.de\\\/wp-content\\\/uploads\\\/2023\\\/08\\\/logo_mit_text_grau.png\",\"width\":1150,\"height\":302,\"caption\":\"firstshot espresso equipment\"},\"image\":{\"@id\":\"https:\\\/\\\/firstshot-espresso.de\\\/#\\\/schema\\\/logo\\\/image\\\/\"}}]}<\/script>\n<!-- \/ Yoast SEO plugin. -->","yoast_head_json":{"title":"Griff aus ge\u00f6ltem Nu\u00dfbaum Holz f\u00fcr den firstshot Tamper - firstshot espresso equipment","description":"Griff aus ge\u00f6ltem Nu\u00dfbaumholz zur Individualisierung des firstshot Tampers. Perfektes und wiederholbares Tampen. Eben und mit definiertem Druck.","robots":{"index":"index","follow":"follow","max-snippet":"max-snippet:-1","max-image-preview":"max-image-preview:large","max-video-preview":"max-video-preview:-1"},"canonical":"https:\/\/firstshot-espresso.de\/en\/product\/griff-aus-geoeltem-nussbaum-holz-fuer-den-firstshot-tamper\/","og_locale":"en_GB","og_type":"article","og_title":"Griff aus ge\u00f6ltem Nu\u00dfbaum Holz f\u00fcr den firstshot Tamper - firstshot espresso equipment","og_description":"Griff aus ge\u00f6ltem Nu\u00dfbaumholz zur Individualisierung des firstshot Tampers. Perfektes und wiederholbares Tampen. Eben und mit definiertem Druck.","og_url":"https:\/\/firstshot-espresso.de\/en\/product\/griff-aus-geoeltem-nussbaum-holz-fuer-den-firstshot-tamper\/","og_site_name":"firstshot espresso equipment","article_modified_time":"2024-07-14T14:21:19+00:00","og_image":[{"width":1036,"height":1036,"url":"https:\/\/firstshot-espresso.de\/wp-content\/uploads\/2023\/10\/T1_griff_nuss.png","type":"image\/png"}],"twitter_card":"summary_large_image","twitter_misc":{"Estimated reading time":"1 minute"},"schema":{"@context":"https:\/\/schema.org","@graph":[{"@type":"WebPage","@id":"https:\/\/firstshot-espresso.de\/product\/griff-aus-geoeltem-nussbaum-holz-fuer-den-firstshot-tamper\/","url":"https:\/\/firstshot-espresso.de\/product\/griff-aus-geoeltem-nussbaum-holz-fuer-den-firstshot-tamper\/","name":"Griff aus ge\u00f6ltem Nu\u00dfbaum Holz f\u00fcr den firstshot Tamper - firstshot espresso equipment","isPartOf":{"@id":"https:\/\/firstshot-espresso.de\/#website"},"primaryImageOfPage":{"@id":"https:\/\/firstshot-espresso.de\/product\/griff-aus-geoeltem-nussbaum-holz-fuer-den-firstshot-tamper\/#primaryimage"},"image":{"@id":"https:\/\/firstshot-espresso.de\/product\/griff-aus-geoeltem-nussbaum-holz-fuer-den-firstshot-tamper\/#primaryimage"},"thumbnailUrl":"https:\/\/firstshot-espresso.de\/wp-content\/uploads\/2023\/10\/T1_griff_nuss.png","datePublished":"2023-10-09T18:43:57+00:00","dateModified":"2024-07-14T14:21:19+00:00","description":"Griff aus ge\u00f6ltem Nu\u00dfbaumholz zur Individualisierung des firstshot Tampers. Perfektes und wiederholbares Tampen. Eben und mit definiertem Druck.","breadcrumb":{"@id":"https:\/\/firstshot-espresso.de\/product\/griff-aus-geoeltem-nussbaum-holz-fuer-den-firstshot-tamper\/#breadcrumb"},"inLanguage":"en-GB","potentialAction":[{"@type":"ReadAction","target":["https:\/\/firstshot-espresso.de\/product\/griff-aus-geoeltem-nussbaum-holz-fuer-den-firstshot-tamper\/"]}]},{"@type":"ImageObject","inLanguage":"en-GB","@id":"https:\/\/firstshot-espresso.de\/product\/griff-aus-geoeltem-nussbaum-holz-fuer-den-firstshot-tamper\/#primaryimage","url":"https:\/\/firstshot-espresso.de\/wp-content\/uploads\/2023\/10\/T1_griff_nuss.png","contentUrl":"https:\/\/firstshot-espresso.de\/wp-content\/uploads\/2023\/10\/T1_griff_nuss.png","width":1036,"height":1036},{"@type":"BreadcrumbList","@id":"https:\/\/firstshot-espresso.de\/product\/griff-aus-geoeltem-nussbaum-holz-fuer-den-firstshot-tamper\/#breadcrumb","itemListElement":[{"@type":"ListItem","position":1,"name":"Home","item":"https:\/\/firstshot-espresso.de\/"},{"@type":"ListItem","position":2,"name":"Shop","item":"https:\/\/firstshot-espresso.de\/"},{"@type":"ListItem","position":3,"name":"Griff aus ge\u00f6ltem Nu\u00dfbaum Holz f\u00fcr den firstshot Tamper"}]},{"@type":"WebSite","@id":"https:\/\/firstshot-espresso.de\/#website","url":"https:\/\/firstshot-espresso.de\/","name":"firstshot espresso equipment","description":"","publisher":{"@id":"https:\/\/firstshot-espresso.de\/#organization"},"potentialAction":[{"@type":"SearchAction","target":{"@type":"EntryPoint","urlTemplate":"https:\/\/firstshot-espresso.de\/?s={search_term_string}"},"query-input":{"@type":"PropertyValueSpecification","valueRequired":true,"valueName":"search_term_string"}}],"inLanguage":"en-GB"},{"@type":"Organization","@id":"https:\/\/firstshot-espresso.de\/#organization","name":"firstshot espresso equipment","url":"https:\/\/firstshot-espresso.de\/","logo":{"@type":"ImageObject","inLanguage":"en-GB","@id":"https:\/\/firstshot-espresso.de\/#\/schema\/logo\/image\/","url":"https:\/\/firstshot-espresso.de\/wp-content\/uploads\/2023\/08\/logo_mit_text_grau.png","contentUrl":"https:\/\/firstshot-espresso.de\/wp-content\/uploads\/2023\/08\/logo_mit_text_grau.png","width":1150,"height":302,"caption":"firstshot espresso equipment"},"image":{"@id":"https:\/\/firstshot-espresso.de\/#\/schema\/logo\/image\/"}}]}},"jetpack_sharing_enabled":true,"_links":{"self":[{"href":"https:\/\/firstshot-espresso.de\/en\/wp-json\/wp\/v2\/product\/242","targetHints":{"allow":["GET"]}}],"collection":[{"href":"https:\/\/firstshot-espresso.de\/en\/wp-json\/wp\/v2\/product"}],"about":[{"href":"https:\/\/firstshot-espresso.de\/en\/wp-json\/wp\/v2\/types\/product"}],"wp:featuredmedia":[{"embeddable":true,"href":"https:\/\/firstshot-espresso.de\/en\/wp-json\/wp\/v2\/media\/500"}],"wp:attachment":[{"href":"https:\/\/firstshot-espresso.de\/en\/wp-json\/wp\/v2\/media?parent=242"}],"wp:term":[{"taxonomy":"product_brand","embeddable":true,"href":"https:\/\/firstshot-espresso.de\/en\/wp-json\/wp\/v2\/product_brand?post=242"},{"taxonomy":"product_cat","embeddable":true,"href":"https:\/\/firstshot-espresso.de\/en\/wp-json\/wp\/v2\/product_cat?post=242"},{"taxonomy":"product_tag","embeddable":true,"href":"https:\/\/firstshot-espresso.de\/en\/wp-json\/wp\/v2\/product_tag?post=242"}],"curies":[{"name":"wp","href":"https:\/\/api.w.org\/{rel}","templated":true}]}}