{"id":535,"date":"2024-02-13T19:46:17","date_gmt":"2024-02-13T19:46:17","guid":{"rendered":"https:\/\/firstshot-espresso.de\/?post_type=product&#038;p=535"},"modified":"2025-12-01T00:02:37","modified_gmt":"2025-12-01T00:02:37","slug":"firstshot-tamper-sonderedition-harteloxal","status":"publish","type":"product","link":"https:\/\/firstshot-espresso.de\/en\/product\/firstshot-tamper-sonderedition-harteloxal\/","title":{"rendered":"firstshot Tamper - Special Edition Hard Anodized"},"content":{"rendered":"<p>&nbsp;<\/p>\n<p>Special edition of the classic firstshot tamper with a matte, hard-anodized tamper base instead of the glossy finish. High-strength, durable yet supple coating derived from motorsport.<\/p>\n<p>Designed for perfect tamping, the <strong>firstshot<\/strong> tamper delivers consistent and reproducible espresso quality from the very first shot. The <strong>firstshot<\/strong> tamper automatically centers itself on the portafilter upon placement, and its external spring applies defined pressure to the filter basket during tamping. The precisely manufactured linea bearing guarantees 100% flat tamping, regardless of hand position. Every time. The internal pressure regulation system only activates when the tamper base is in contact with the coffee grounds and the selected tamping pressure is reached. The dynamometric mechanism can be adjusted by changing the internal spring (5, 10, or 15 kg) to customize the tamping pressure to personal preference. The mechanism is designed so that the outer and inner springs do not interfere with each other, ensuring that the coffee grounds are always tamped with the same pressure, regardless of the fill level in the filter basket. Thanks to its high 20mm stroke and minimal base protrusion, this tamper is extremely versatile, easily accommodating both heavy overfills (high fill levels in a small portafilter basket) and underfills (low fill levels in a large basket). Designed in Germany, the tamper is manufactured with the utmost precision using high-quality materials. The choice of handle material allows for personalization or customization to match existing espresso equipment.<\/p>\n<p><strong>Features:<\/strong><\/p>\n<ul>\n<li>100% flat and vertical tamping through support on the portafilter and highest manufacturing quality<\/li>\n<li>Precise and constant pressure through a dynamometric mechanism for pressure control and precise haptic feedback<\/li>\n<li>Adjustable pressure through interchangeable spring (5, 10, 15 or 20 kg)<\/li>\n<li>Customizable with interchangeable handle<\/li>\n<li>Fast and easy cleaning<\/li>\n<li>Perfectly suited for overfill (high fill level in small basket) due to minimal overhang<\/li>\n<li>Perfectly suited for underfill (low fill level in large basket) due to large stroke (20mm) and external spring<\/li>\n<li>Tamper with a 58.4mm diameter<\/li>\n<li>High-quality materials: linear bearing and base made of stainless steel, base made of anodized aluminum, handle made of robust plastic or oiled wood<\/li>\n<\/ul>\n<p><strong>Included in Package:<\/strong><\/p>\n<p><strong>firstshot<\/strong> Tamper mit installierter Feder (15kg), Griff entsprechend der Auswahl, drei Austauschfedern (5, 10 und 20kg), Bedienungsanleitung<\/p>\n<p><strong>Note on <\/strong><strong>Wooden Handles<\/strong><\/p>\n<p><em>Wood is a natural product and therefore subject to natural variations. The actual product may differ from the original photo. This is no reason for return.<\/em><\/p>\n<p><a href=\"https:\/\/firstshot-espresso.de\/wp-content\/uploads\/2024\/02\/Nutzungshinweise.pdf\"><strong>Download the Instruction Manual<\/strong><\/a><\/p>","protected":false},"excerpt":{"rendered":"<p>The <strong>firstshot <\/strong>tamper guarantees consistent quality and flawless tamping in every situation. No tilting, even pressure, 100% consistent and repeatable. Designed for perfect coffee preparation at a fair price.<\/p>","protected":false},"featured_media":540,"template":"","meta":[],"product_brand":[],"product_cat":[42],"product_tag":[],"class_list":{"0":"post-535","1":"product","2":"type-product","3":"status-publish","4":"has-post-thumbnail","6":"product_cat-tamper","8":"first","9":"instock","10":"shipping-taxable","11":"purchasable","12":"product-type-variable","13":"has-default-attributes"},"yoast_head":"<!-- This site is optimized with the Yoast SEO plugin v27.4 - https:\/\/yoast.com\/product\/yoast-seo-wordpress\/ -->\n<title>firstshot Tamper - Sonderedition Harteloxal - firstshot espresso equipment<\/title>\n<meta name=\"robots\" content=\"index, follow, max-snippet:-1, max-image-preview:large, max-video-preview:-1\" \/>\n<link rel=\"canonical\" href=\"https:\/\/firstshot-espresso.de\/en\/product\/firstshot-tamper-sonderedition-harteloxal\/\" \/>\n<meta property=\"og:locale\" content=\"en_GB\" \/>\n<meta property=\"og:type\" content=\"article\" \/>\n<meta property=\"og:title\" content=\"firstshot Tamper - Sonderedition Harteloxal - firstshot espresso equipment\" \/>\n<meta property=\"og:description\" content=\"Der firstshot Tamper garantiert konstante Qualit\u00e4t und fehlerfreies Tampen in jeder Situation. Kein schr\u00e4ges Aufsetzen, gleichm\u00e4\u00dfiger Druck, 100% konstant und wiederholbar. Entwickelt f\u00fcr die perfekte Kaffeezubereitung zu einem fairen Preis.\" \/>\n<meta property=\"og:url\" content=\"https:\/\/firstshot-espresso.de\/en\/product\/firstshot-tamper-sonderedition-harteloxal\/\" \/>\n<meta property=\"og:site_name\" content=\"firstshot espresso equipment\" \/>\n<meta property=\"article:modified_time\" content=\"2025-12-01T00:02:37+00:00\" \/>\n<meta property=\"og:image\" content=\"https:\/\/firstshot-espresso.de\/wp-content\/uploads\/2024\/02\/T1_h_esche.png\" \/>\n\t<meta property=\"og:image:width\" content=\"2040\" \/>\n\t<meta property=\"og:image:height\" content=\"2040\" \/>\n\t<meta property=\"og:image:type\" content=\"image\/png\" \/>\n<meta name=\"twitter:card\" content=\"summary_large_image\" \/>\n<meta name=\"twitter:label1\" content=\"Estimated reading time\" \/>\n\t<meta name=\"twitter:data1\" content=\"3 minutes\" \/>\n<script type=\"application\/ld+json\" class=\"yoast-schema-graph\">{\"@context\":\"https:\\\/\\\/schema.org\",\"@graph\":[{\"@type\":\"WebPage\",\"@id\":\"https:\\\/\\\/firstshot-espresso.de\\\/product\\\/firstshot-tamper-sonderedition-harteloxal\\\/\",\"url\":\"https:\\\/\\\/firstshot-espresso.de\\\/product\\\/firstshot-tamper-sonderedition-harteloxal\\\/\",\"name\":\"firstshot Tamper - Sonderedition Harteloxal - firstshot espresso equipment\",\"isPartOf\":{\"@id\":\"https:\\\/\\\/firstshot-espresso.de\\\/#website\"},\"primaryImageOfPage\":{\"@id\":\"https:\\\/\\\/firstshot-espresso.de\\\/product\\\/firstshot-tamper-sonderedition-harteloxal\\\/#primaryimage\"},\"image\":{\"@id\":\"https:\\\/\\\/firstshot-espresso.de\\\/product\\\/firstshot-tamper-sonderedition-harteloxal\\\/#primaryimage\"},\"thumbnailUrl\":\"https:\\\/\\\/firstshot-espresso.de\\\/wp-content\\\/uploads\\\/2024\\\/02\\\/T1_h_esche.png\",\"datePublished\":\"2024-02-13T19:46:17+00:00\",\"dateModified\":\"2025-12-01T00:02:37+00:00\",\"breadcrumb\":{\"@id\":\"https:\\\/\\\/firstshot-espresso.de\\\/product\\\/firstshot-tamper-sonderedition-harteloxal\\\/#breadcrumb\"},\"inLanguage\":\"en-GB\",\"potentialAction\":[{\"@type\":\"ReadAction\",\"target\":[\"https:\\\/\\\/firstshot-espresso.de\\\/product\\\/firstshot-tamper-sonderedition-harteloxal\\\/\"]}]},{\"@type\":\"ImageObject\",\"inLanguage\":\"en-GB\",\"@id\":\"https:\\\/\\\/firstshot-espresso.de\\\/product\\\/firstshot-tamper-sonderedition-harteloxal\\\/#primaryimage\",\"url\":\"https:\\\/\\\/firstshot-espresso.de\\\/wp-content\\\/uploads\\\/2024\\\/02\\\/T1_h_esche.png\",\"contentUrl\":\"https:\\\/\\\/firstshot-espresso.de\\\/wp-content\\\/uploads\\\/2024\\\/02\\\/T1_h_esche.png\",\"width\":2040,\"height\":2040},{\"@type\":\"BreadcrumbList\",\"@id\":\"https:\\\/\\\/firstshot-espresso.de\\\/product\\\/firstshot-tamper-sonderedition-harteloxal\\\/#breadcrumb\",\"itemListElement\":[{\"@type\":\"ListItem\",\"position\":1,\"name\":\"Home\",\"item\":\"https:\\\/\\\/firstshot-espresso.de\\\/\"},{\"@type\":\"ListItem\",\"position\":2,\"name\":\"Shop\",\"item\":\"https:\\\/\\\/firstshot-espresso.de\\\/\"},{\"@type\":\"ListItem\",\"position\":3,\"name\":\"firstshot Tamper &#8211; Sonderedition Harteloxal\"}]},{\"@type\":\"WebSite\",\"@id\":\"https:\\\/\\\/firstshot-espresso.de\\\/#website\",\"url\":\"https:\\\/\\\/firstshot-espresso.de\\\/\",\"name\":\"firstshot espresso equipment\",\"description\":\"\",\"publisher\":{\"@id\":\"https:\\\/\\\/firstshot-espresso.de\\\/#organization\"},\"potentialAction\":[{\"@type\":\"SearchAction\",\"target\":{\"@type\":\"EntryPoint\",\"urlTemplate\":\"https:\\\/\\\/firstshot-espresso.de\\\/?s={search_term_string}\"},\"query-input\":{\"@type\":\"PropertyValueSpecification\",\"valueRequired\":true,\"valueName\":\"search_term_string\"}}],\"inLanguage\":\"en-GB\"},{\"@type\":\"Organization\",\"@id\":\"https:\\\/\\\/firstshot-espresso.de\\\/#organization\",\"name\":\"firstshot espresso equipment\",\"url\":\"https:\\\/\\\/firstshot-espresso.de\\\/\",\"logo\":{\"@type\":\"ImageObject\",\"inLanguage\":\"en-GB\",\"@id\":\"https:\\\/\\\/firstshot-espresso.de\\\/#\\\/schema\\\/logo\\\/image\\\/\",\"url\":\"https:\\\/\\\/firstshot-espresso.de\\\/wp-content\\\/uploads\\\/2023\\\/08\\\/logo_mit_text_grau.png\",\"contentUrl\":\"https:\\\/\\\/firstshot-espresso.de\\\/wp-content\\\/uploads\\\/2023\\\/08\\\/logo_mit_text_grau.png\",\"width\":1150,\"height\":302,\"caption\":\"firstshot espresso equipment\"},\"image\":{\"@id\":\"https:\\\/\\\/firstshot-espresso.de\\\/#\\\/schema\\\/logo\\\/image\\\/\"}}]}<\/script>\n<!-- \/ Yoast SEO plugin. -->","yoast_head_json":{"title":"firstshot Tamper - Sonderedition Harteloxal - firstshot espresso equipment","robots":{"index":"index","follow":"follow","max-snippet":"max-snippet:-1","max-image-preview":"max-image-preview:large","max-video-preview":"max-video-preview:-1"},"canonical":"https:\/\/firstshot-espresso.de\/en\/product\/firstshot-tamper-sonderedition-harteloxal\/","og_locale":"en_GB","og_type":"article","og_title":"firstshot Tamper - Sonderedition Harteloxal - firstshot espresso equipment","og_description":"Der firstshot Tamper garantiert konstante Qualit\u00e4t und fehlerfreies Tampen in jeder Situation. Kein schr\u00e4ges Aufsetzen, gleichm\u00e4\u00dfiger Druck, 100% konstant und wiederholbar. Entwickelt f\u00fcr die perfekte Kaffeezubereitung zu einem fairen Preis.","og_url":"https:\/\/firstshot-espresso.de\/en\/product\/firstshot-tamper-sonderedition-harteloxal\/","og_site_name":"firstshot espresso equipment","article_modified_time":"2025-12-01T00:02:37+00:00","og_image":[{"width":2040,"height":2040,"url":"https:\/\/firstshot-espresso.de\/wp-content\/uploads\/2024\/02\/T1_h_esche.png","type":"image\/png"}],"twitter_card":"summary_large_image","twitter_misc":{"Estimated reading time":"3 minutes"},"schema":{"@context":"https:\/\/schema.org","@graph":[{"@type":"WebPage","@id":"https:\/\/firstshot-espresso.de\/product\/firstshot-tamper-sonderedition-harteloxal\/","url":"https:\/\/firstshot-espresso.de\/product\/firstshot-tamper-sonderedition-harteloxal\/","name":"firstshot Tamper - Sonderedition Harteloxal - firstshot espresso equipment","isPartOf":{"@id":"https:\/\/firstshot-espresso.de\/#website"},"primaryImageOfPage":{"@id":"https:\/\/firstshot-espresso.de\/product\/firstshot-tamper-sonderedition-harteloxal\/#primaryimage"},"image":{"@id":"https:\/\/firstshot-espresso.de\/product\/firstshot-tamper-sonderedition-harteloxal\/#primaryimage"},"thumbnailUrl":"https:\/\/firstshot-espresso.de\/wp-content\/uploads\/2024\/02\/T1_h_esche.png","datePublished":"2024-02-13T19:46:17+00:00","dateModified":"2025-12-01T00:02:37+00:00","breadcrumb":{"@id":"https:\/\/firstshot-espresso.de\/product\/firstshot-tamper-sonderedition-harteloxal\/#breadcrumb"},"inLanguage":"en-GB","potentialAction":[{"@type":"ReadAction","target":["https:\/\/firstshot-espresso.de\/product\/firstshot-tamper-sonderedition-harteloxal\/"]}]},{"@type":"ImageObject","inLanguage":"en-GB","@id":"https:\/\/firstshot-espresso.de\/product\/firstshot-tamper-sonderedition-harteloxal\/#primaryimage","url":"https:\/\/firstshot-espresso.de\/wp-content\/uploads\/2024\/02\/T1_h_esche.png","contentUrl":"https:\/\/firstshot-espresso.de\/wp-content\/uploads\/2024\/02\/T1_h_esche.png","width":2040,"height":2040},{"@type":"BreadcrumbList","@id":"https:\/\/firstshot-espresso.de\/product\/firstshot-tamper-sonderedition-harteloxal\/#breadcrumb","itemListElement":[{"@type":"ListItem","position":1,"name":"Home","item":"https:\/\/firstshot-espresso.de\/"},{"@type":"ListItem","position":2,"name":"Shop","item":"https:\/\/firstshot-espresso.de\/"},{"@type":"ListItem","position":3,"name":"firstshot Tamper &#8211; Sonderedition Harteloxal"}]},{"@type":"WebSite","@id":"https:\/\/firstshot-espresso.de\/#website","url":"https:\/\/firstshot-espresso.de\/","name":"firstshot espresso equipment","description":"","publisher":{"@id":"https:\/\/firstshot-espresso.de\/#organization"},"potentialAction":[{"@type":"SearchAction","target":{"@type":"EntryPoint","urlTemplate":"https:\/\/firstshot-espresso.de\/?s={search_term_string}"},"query-input":{"@type":"PropertyValueSpecification","valueRequired":true,"valueName":"search_term_string"}}],"inLanguage":"en-GB"},{"@type":"Organization","@id":"https:\/\/firstshot-espresso.de\/#organization","name":"firstshot espresso equipment","url":"https:\/\/firstshot-espresso.de\/","logo":{"@type":"ImageObject","inLanguage":"en-GB","@id":"https:\/\/firstshot-espresso.de\/#\/schema\/logo\/image\/","url":"https:\/\/firstshot-espresso.de\/wp-content\/uploads\/2023\/08\/logo_mit_text_grau.png","contentUrl":"https:\/\/firstshot-espresso.de\/wp-content\/uploads\/2023\/08\/logo_mit_text_grau.png","width":1150,"height":302,"caption":"firstshot espresso equipment"},"image":{"@id":"https:\/\/firstshot-espresso.de\/#\/schema\/logo\/image\/"}}]}},"jetpack_sharing_enabled":true,"_links":{"self":[{"href":"https:\/\/firstshot-espresso.de\/en\/wp-json\/wp\/v2\/product\/535","targetHints":{"allow":["GET"]}}],"collection":[{"href":"https:\/\/firstshot-espresso.de\/en\/wp-json\/wp\/v2\/product"}],"about":[{"href":"https:\/\/firstshot-espresso.de\/en\/wp-json\/wp\/v2\/types\/product"}],"wp:featuredmedia":[{"embeddable":true,"href":"https:\/\/firstshot-espresso.de\/en\/wp-json\/wp\/v2\/media\/540"}],"wp:attachment":[{"href":"https:\/\/firstshot-espresso.de\/en\/wp-json\/wp\/v2\/media?parent=535"}],"wp:term":[{"taxonomy":"product_brand","embeddable":true,"href":"https:\/\/firstshot-espresso.de\/en\/wp-json\/wp\/v2\/product_brand?post=535"},{"taxonomy":"product_cat","embeddable":true,"href":"https:\/\/firstshot-espresso.de\/en\/wp-json\/wp\/v2\/product_cat?post=535"},{"taxonomy":"product_tag","embeddable":true,"href":"https:\/\/firstshot-espresso.de\/en\/wp-json\/wp\/v2\/product_tag?post=535"}],"curies":[{"name":"wp","href":"https:\/\/api.w.org\/{rel}","templated":true}]}}